{"id":23420,"date":"2025-09-15T08:35:57","date_gmt":"2025-09-15T08:35:57","guid":{"rendered":"https:\/\/erscheckweigher.com\/mission-vision\/"},"modified":"2026-03-27T15:14:58","modified_gmt":"2026-03-27T15:14:58","slug":"mission-vision","status":"publish","type":"page","link":"https:\/\/erscheckweigher.com\/fr\/mission-vision\/","title":{"rendered":"Mission &#038; Vision"},"content":{"rendered":"\t\t<div data-elementor-type=\"wp-page\" data-elementor-id=\"23420\" class=\"elementor elementor-23420\" data-elementor-post-type=\"page\">\n\t\t\t\t<div class=\"elementor-element elementor-element-e9da19d e-flex e-con-boxed e-con e-parent\" data-id=\"e9da19d\" data-element_type=\"container\" data-e-type=\"container\" data-settings=\"{&quot;background_background&quot;:&quot;classic&quot;}\">\n\t\t\t\t\t<div class=\"e-con-inner\">\n\t\t\t\t\t<\/div>\n\t\t\t\t<\/div>\n\t\t<div class=\"elementor-element elementor-element-032fa50 e-flex e-con-boxed e-con e-parent\" data-id=\"032fa50\" data-element_type=\"container\" data-e-type=\"container\">\n\t\t\t\t\t<div class=\"e-con-inner\">\n\t\t<div class=\"elementor-element elementor-element-5a84b63 e-con-full e-flex elementor-invisible e-con e-child\" data-id=\"5a84b63\" data-element_type=\"container\" data-e-type=\"container\" data-settings=\"{&quot;background_background&quot;:&quot;classic&quot;,&quot;animation&quot;:&quot;fadeInUp&quot;}\">\n\t\t<div class=\"elementor-element elementor-element-3bdef3a e-con-full e-flex e-con e-child\" data-id=\"3bdef3a\" data-element_type=\"container\" data-e-type=\"container\">\n\t\t\t\t<div class=\"elementor-element elementor-element-70cdbbe elementor-icon-list--layout-inline elementor-align-center elementor-mobile-align-center elementor-list-item-link-full_width elementor-widget elementor-widget-icon-list\" data-id=\"70cdbbe\" data-element_type=\"widget\" data-e-type=\"widget\" data-widget_type=\"icon-list.default\">\n\t\t\t\t<div class=\"elementor-widget-container\">\n\t\t\t\t\t\t\t<ul class=\"elementor-icon-list-items elementor-inline-items\">\n\t\t\t\t\t\t\t<li class=\"elementor-icon-list-item elementor-inline-item\">\n\t\t\t\t\t\t\t\t\t\t\t<a href=\"\/fr\/\">\n\n\t\t\t\t\t\t\t\t\t\t\t<span class=\"elementor-icon-list-text\">Accueil<\/span>\n\t\t\t\t\t\t\t\t\t\t\t<\/a>\n\t\t\t\t\t\t\t\t\t<\/li>\n\t\t\t\t\t\t\t\t<li class=\"elementor-icon-list-item elementor-inline-item\">\n\t\t\t\t\t\t\t\t\t\t\t<span class=\"elementor-icon-list-icon\">\n\t\t\t\t\t\t\t<i aria-hidden=\"true\" class=\"icon icon-right-arrow2\"><\/i>\t\t\t\t\t\t<\/span>\n\t\t\t\t\t\t\t\t\t\t<span class=\"elementor-icon-list-text\"><\/span>\n\t\t\t\t\t\t\t\t\t<\/li>\n\t\t\t\t\t\t<\/ul>\n\t\t\t\t\t\t<\/div>\n\t\t\t\t<\/div>\n\t\t\t\t<div class=\"elementor-element elementor-element-a810ca4 elementor-widget elementor-widget-heading\" data-id=\"a810ca4\" data-element_type=\"widget\" data-e-type=\"widget\" data-widget_type=\"heading.default\">\n\t\t\t\t<div class=\"elementor-widget-container\">\n\t\t\t\t\t<h1 class=\"elementor-heading-title elementor-size-default\">Mission &amp; Vision<\/h1>\t\t\t\t<\/div>\n\t\t\t\t<\/div>\n\t\t\t\t<\/div>\n\t\t<div class=\"elementor-element elementor-element-e415f06 e-con-full e-flex e-con e-child\" data-id=\"e415f06\" data-element_type=\"container\" data-e-type=\"container\">\n\t\t<div class=\"elementor-element elementor-element-27d732a e-con-full e-grid e-con e-child\" data-id=\"27d732a\" data-element_type=\"container\" data-e-type=\"container\">\n\t\t<div class=\"elementor-element elementor-element-39d2963 e-con-full e-flex e-con e-child\" data-id=\"39d2963\" data-element_type=\"container\" data-e-type=\"container\" data-settings=\"{&quot;background_background&quot;:&quot;classic&quot;}\">\n\t\t\t\t<div class=\"elementor-element elementor-element-cc56d0e elementor-widget elementor-widget-heading\" data-id=\"cc56d0e\" data-element_type=\"widget\" data-e-type=\"widget\" data-widget_type=\"heading.default\">\n\t\t\t\t<div class=\"elementor-widget-container\">\n\t\t\t\t\t<h3 class=\"elementor-heading-title elementor-size-default\">MISSION<\/h3>\t\t\t\t<\/div>\n\t\t\t\t<\/div>\n\t\t<div class=\"elementor-element elementor-element-9f8ca37 e-con-full e-flex e-con e-child\" data-id=\"9f8ca37\" data-element_type=\"container\" data-e-type=\"container\">\n\t\t<div class=\"elementor-element elementor-element-16501a4 e-con-full e-flex e-con e-child\" data-id=\"16501a4\" data-element_type=\"container\" data-e-type=\"container\">\n\t\t\t\t<div class=\"elementor-element elementor-element-f55502a elementor-widget elementor-widget-text-editor\" data-id=\"f55502a\" data-element_type=\"widget\" data-e-type=\"widget\" data-widget_type=\"text-editor.default\">\n\t\t\t\t<div class=\"elementor-widget-container\">\n\t\t\t\t\t\t\t\t\t<p>Notre principe fondamental est de fournir \u00e0 nos clients des produits et des services de qualit\u00e9 gr\u00e2ce \u00e0 la participation et aux efforts conjoints de nos collaborateurs. Nous mettons tout en \u0153uvre pour assurer la satisfaction continue de nos clients et devenir leur partenaire incontournable, en produisant l\u2019ensemble de nos solutions avec une qualit\u00e9 optimale, au meilleur co\u00fbt et dans les d\u00e9lais souhait\u00e9s, dans une logique d\u2019am\u00e9lioration continue.<\/p>\t\t\t\t\t\t\t\t<\/div>\n\t\t\t\t<\/div>\n\t\t\t\t<\/div>\n\t\t\t\t<\/div>\n\t\t\t\t<\/div>\n\t\t<div class=\"elementor-element elementor-element-565ca1b e-con-full e-flex e-con e-child\" data-id=\"565ca1b\" data-element_type=\"container\" data-e-type=\"container\" data-settings=\"{&quot;background_background&quot;:&quot;classic&quot;}\">\n\t\t\t\t<div class=\"elementor-element elementor-element-131f60d elementor-widget elementor-widget-heading\" data-id=\"131f60d\" data-element_type=\"widget\" data-e-type=\"widget\" data-widget_type=\"heading.default\">\n\t\t\t\t<div class=\"elementor-widget-container\">\n\t\t\t\t\t<h3 class=\"elementor-heading-title elementor-size-default\">VISION<\/h3>\t\t\t\t<\/div>\n\t\t\t\t<\/div>\n\t\t<div class=\"elementor-element elementor-element-cebddbf e-con-full e-flex e-con e-child\" data-id=\"cebddbf\" data-element_type=\"container\" data-e-type=\"container\">\n\t\t<div class=\"elementor-element elementor-element-75a0e4b e-con-full e-flex e-con e-child\" data-id=\"75a0e4b\" data-element_type=\"container\" data-e-type=\"container\">\n\t\t\t\t<div class=\"elementor-element elementor-element-b914cc0 elementor-widget elementor-widget-text-editor\" data-id=\"b914cc0\" data-element_type=\"widget\" data-e-type=\"widget\" data-widget_type=\"text-editor.default\">\n\t\t\t\t<div class=\"elementor-widget-container\">\n\t\t\t\t\t\t\t\t\t<p>\u00catre le premier choix des clients gr\u00e2ce \u00e0 la qualit\u00e9 de nos produits et services, devenir le leader du secteur en Turquie et figurer parmi les entreprises privil\u00e9gi\u00e9es \u00e0 l\u2019\u00e9chelle mondiale. Apporter une valeur ajout\u00e9e \u00e0 notre pays en augmentant les exportations et en contribuant \u00e0 la cr\u00e9ation d\u2019emplois.<\/p>\t\t\t\t\t\t\t\t<\/div>\n\t\t\t\t<\/div>\n\t\t\t\t<\/div>\n\t\t\t\t<\/div>\n\t\t\t\t<\/div>\n\t\t\t\t<\/div>\n\t\t\t\t<\/div>\n\t\t\t\t<\/div>\n\t\t\t\t\t<\/div>\n\t\t\t\t<\/div>\n\t\t\t\t<\/div>\n\t\t","protected":false},"excerpt":{"rendered":"<p>Accueil Mission &amp; Vision MISSION Notre principe fondamental est de fournir \u00e0 nos clients des produits et des services de qualit\u00e9 gr\u00e2ce \u00e0 la participation et aux efforts conjoints de nos collaborateurs. Nous mettons tout en \u0153uvre pour assurer la satisfaction continue de nos clients et devenir leur partenaire incontournable, en produisant l\u2019ensemble de nos &#8230; <a title=\"Mission &#038; Vision\" class=\"read-more\" href=\"https:\/\/erscheckweigher.com\/fr\/mission-vision\/\" aria-label=\"En savoir plus sur Mission &#038; Vision\">Lire la suite<\/a><\/p>\n","protected":false},"author":1,"featured_media":0,"parent":0,"menu_order":0,"comment_status":"closed","ping_status":"closed","template":"elementor_header_footer","meta":{"inline_featured_image":false,"footnotes":""},"class_list":["post-23420","page","type-page","status-publish"],"_links":{"self":[{"href":"https:\/\/erscheckweigher.com\/fr\/wp-json\/wp\/v2\/pages\/23420","targetHints":{"allow":["GET"]}}],"collection":[{"href":"https:\/\/erscheckweigher.com\/fr\/wp-json\/wp\/v2\/pages"}],"about":[{"href":"https:\/\/erscheckweigher.com\/fr\/wp-json\/wp\/v2\/types\/page"}],"author":[{"embeddable":true,"href":"https:\/\/erscheckweigher.com\/fr\/wp-json\/wp\/v2\/users\/1"}],"replies":[{"embeddable":true,"href":"https:\/\/erscheckweigher.com\/fr\/wp-json\/wp\/v2\/comments?post=23420"}],"version-history":[{"count":4,"href":"https:\/\/erscheckweigher.com\/fr\/wp-json\/wp\/v2\/pages\/23420\/revisions"}],"predecessor-version":[{"id":23556,"href":"https:\/\/erscheckweigher.com\/fr\/wp-json\/wp\/v2\/pages\/23420\/revisions\/23556"}],"wp:attachment":[{"href":"https:\/\/erscheckweigher.com\/fr\/wp-json\/wp\/v2\/media?parent=23420"}],"curies":[{"name":"wp","href":"https:\/\/api.w.org\/{rel}","templated":true}]}}