{"id":19187,"date":"2025-09-15T09:26:40","date_gmt":"2025-09-15T09:26:40","guid":{"rendered":"https:\/\/erscheckweigher.com\/dokumanlar\/"},"modified":"2025-12-09T07:02:09","modified_gmt":"2025-12-09T07:02:09","slug":"documentos","status":"publish","type":"page","link":"https:\/\/erscheckweigher.com\/es\/documentos\/","title":{"rendered":"Documentos"},"content":{"rendered":"\t\t<div data-elementor-type=\"wp-page\" data-elementor-id=\"19187\" class=\"elementor elementor-19187\" data-elementor-post-type=\"page\">\n\t\t\t\t<div class=\"elementor-element elementor-element-e9da19d e-flex e-con-boxed e-con e-parent\" data-id=\"e9da19d\" data-element_type=\"container\" data-e-type=\"container\" data-settings=\"{&quot;background_background&quot;:&quot;classic&quot;}\">\n\t\t\t\t\t<div class=\"e-con-inner\">\n\t\t\t\t\t<\/div>\n\t\t\t\t<\/div>\n\t\t<div class=\"elementor-element elementor-element-3047da6 e-flex e-con-boxed e-con e-parent\" data-id=\"3047da6\" data-element_type=\"container\" data-e-type=\"container\">\n\t\t\t\t\t<div class=\"e-con-inner\">\n\t\t<div class=\"elementor-element elementor-element-7125ec9 e-con-full e-flex elementor-invisible e-con e-child\" data-id=\"7125ec9\" data-element_type=\"container\" data-e-type=\"container\" data-settings=\"{&quot;background_background&quot;:&quot;classic&quot;,&quot;animation&quot;:&quot;fadeInUp&quot;}\">\n\t\t<div class=\"elementor-element elementor-element-f5edfb6 e-con-full e-flex e-con e-child\" data-id=\"f5edfb6\" data-element_type=\"container\" data-e-type=\"container\">\n\t\t\t\t<div class=\"elementor-element elementor-element-0ea8311 elementor-icon-list--layout-inline elementor-align-center elementor-mobile-align-start elementor-list-item-link-full_width elementor-widget elementor-widget-icon-list\" data-id=\"0ea8311\" data-element_type=\"widget\" data-e-type=\"widget\" data-widget_type=\"icon-list.default\">\n\t\t\t\t<div class=\"elementor-widget-container\">\n\t\t\t\t\t\t\t<ul class=\"elementor-icon-list-items elementor-inline-items\">\n\t\t\t\t\t\t\t<li class=\"elementor-icon-list-item elementor-inline-item\">\n\t\t\t\t\t\t\t\t\t\t\t<a href=\"\/es\/\">\n\n\t\t\t\t\t\t\t\t\t\t\t<span class=\"elementor-icon-list-text\">P\u00e1gina de Inicio<\/span>\n\t\t\t\t\t\t\t\t\t\t\t<\/a>\n\t\t\t\t\t\t\t\t\t<\/li>\n\t\t\t\t\t\t\t\t<li class=\"elementor-icon-list-item elementor-inline-item\">\n\t\t\t\t\t\t\t\t\t\t\t<span class=\"elementor-icon-list-icon\">\n\t\t\t\t\t\t\t<i aria-hidden=\"true\" class=\"icon icon-right-arrow2\"><\/i>\t\t\t\t\t\t<\/span>\n\t\t\t\t\t\t\t\t\t\t<span class=\"elementor-icon-list-text\">Documentos<\/span>\n\t\t\t\t\t\t\t\t\t<\/li>\n\t\t\t\t\t\t<\/ul>\n\t\t\t\t\t\t<\/div>\n\t\t\t\t<\/div>\n\t\t\t\t<div class=\"elementor-element elementor-element-51adcf5 elementor-widget elementor-widget-heading\" data-id=\"51adcf5\" data-element_type=\"widget\" data-e-type=\"widget\" data-widget_type=\"heading.default\">\n\t\t\t\t<div class=\"elementor-widget-container\">\n\t\t\t\t\t<h1 class=\"elementor-heading-title elementor-size-default\">Documentos<\/h1>\t\t\t\t<\/div>\n\t\t\t\t<\/div>\n\t\t\t\t<\/div>\n\t\t<div class=\"elementor-element elementor-element-afea41e e-con-full e-flex e-con e-child\" data-id=\"afea41e\" data-element_type=\"container\" data-e-type=\"container\">\n\t\t<div class=\"elementor-element elementor-element-e0767e3 e-con-full e-grid e-con e-child\" data-id=\"e0767e3\" data-element_type=\"container\" data-e-type=\"container\">\n\t\t        <script>\n        jQuery( document ).ready( function( $ ) {\n            \/\/ Use .on('click', ...) as it is slightly more modern and flexible.\n            $( '.elementor-element-172b42b' ).css( 'cursor', 'pointer' ).on( 'click', function(e) {\n                \n                var url = '\/katalog.pdf';\n\n                                    \/\/ If 'is_external' is true, open the link in a new tab.\n                    window.open( url, '_blank' );\n                            });\n        });\n        <\/script>\n        <div class=\"elementor-element elementor-element-172b42b e-con-full e-flex e-con e-child\" data-id=\"172b42b\" data-element_type=\"container\" data-e-type=\"container\" data-settings=\"{&quot;background_background&quot;:&quot;classic&quot;}\">\n\t\t<div class=\"elementor-element elementor-element-0eb233f e-con-full e-flex e-con e-child\" data-id=\"0eb233f\" data-element_type=\"container\" data-e-type=\"container\">\n\t\t<div class=\"elementor-element elementor-element-738bf6d e-con-full e-flex e-con e-child\" data-id=\"738bf6d\" data-element_type=\"container\" data-e-type=\"container\">\n\t\t\t\t<div class=\"elementor-element elementor-element-f90d530 elementor-widget elementor-widget-heading\" data-id=\"f90d530\" data-element_type=\"widget\" data-e-type=\"widget\" data-widget_type=\"heading.default\">\n\t\t\t\t<div class=\"elementor-widget-container\">\n\t\t\t\t\t<h2 class=\"elementor-heading-title elementor-size-default\">Cat\u00e1logo de Productos<\/h2>\t\t\t\t<\/div>\n\t\t\t\t<\/div>\n\t\t\t\t<\/div>\n\t\t<div class=\"elementor-element elementor-element-3e52c16 e-con-full e-flex e-con e-child\" data-id=\"3e52c16\" data-element_type=\"container\" data-e-type=\"container\">\n\t\t\t\t<div class=\"elementor-element elementor-element-b716d0e elementor-view-stacked elementor-shape-rounded elementor-widget elementor-widget-icon\" data-id=\"b716d0e\" data-element_type=\"widget\" data-e-type=\"widget\" data-widget_type=\"icon.default\">\n\t\t\t\t<div class=\"elementor-widget-container\">\n\t\t\t\t\t\t\t<div class=\"elementor-icon-wrapper\">\n\t\t\t<a class=\"elementor-icon elementor-animation-shrink\" href=\"\/katalog.pdf\" target=\"_blank\">\n\t\t\t<i aria-hidden=\"true\" class=\"icon icon-download-button\"><\/i>\t\t\t<\/a>\n\t\t<\/div>\n\t\t\t\t\t\t<\/div>\n\t\t\t\t<\/div>\n\t\t\t\t<\/div>\n\t\t\t\t<\/div>\n\t\t\t\t<\/div>\n\t\t        <script>\n        jQuery( document ).ready( function( $ ) {\n            \/\/ Use .on('click', ...) as it is slightly more modern and flexible.\n            $( '.elementor-element-aa750e4' ).css( 'cursor', 'pointer' ).on( 'click', function(e) {\n                \n                var url = '\/marka-tescil-belgesi.pdf';\n\n                                    \/\/ If 'is_external' is true, open the link in a new tab.\n                    window.open( url, '_blank' );\n                            });\n        });\n        <\/script>\n        <div class=\"elementor-element elementor-element-aa750e4 e-con-full e-flex e-con e-child\" data-id=\"aa750e4\" data-element_type=\"container\" data-e-type=\"container\" data-settings=\"{&quot;background_background&quot;:&quot;classic&quot;}\">\n\t\t<div class=\"elementor-element elementor-element-67b644f e-con-full e-flex e-con e-child\" data-id=\"67b644f\" data-element_type=\"container\" data-e-type=\"container\">\n\t\t<div class=\"elementor-element elementor-element-154979b e-con-full e-flex e-con e-child\" data-id=\"154979b\" data-element_type=\"container\" data-e-type=\"container\">\n\t\t\t\t<div class=\"elementor-element elementor-element-a265e5a elementor-widget elementor-widget-heading\" data-id=\"a265e5a\" data-element_type=\"widget\" data-e-type=\"widget\" data-widget_type=\"heading.default\">\n\t\t\t\t<div class=\"elementor-widget-container\">\n\t\t\t\t\t<h2 class=\"elementor-heading-title elementor-size-default\">Certificado de Registro de Marca<\/h2>\t\t\t\t<\/div>\n\t\t\t\t<\/div>\n\t\t\t\t<\/div>\n\t\t<div class=\"elementor-element elementor-element-d3d4e4c e-con-full e-flex e-con e-child\" data-id=\"d3d4e4c\" data-element_type=\"container\" data-e-type=\"container\">\n\t\t\t\t<div class=\"elementor-element elementor-element-16cf06c elementor-view-stacked elementor-shape-rounded elementor-widget elementor-widget-icon\" data-id=\"16cf06c\" data-element_type=\"widget\" data-e-type=\"widget\" data-widget_type=\"icon.default\">\n\t\t\t\t<div class=\"elementor-widget-container\">\n\t\t\t\t\t\t\t<div class=\"elementor-icon-wrapper\">\n\t\t\t<a class=\"elementor-icon elementor-animation-shrink\" href=\"\/marka-tescil-belgesi.pdf\" target=\"_blank\">\n\t\t\t<i aria-hidden=\"true\" class=\"icon icon-download-button\"><\/i>\t\t\t<\/a>\n\t\t<\/div>\n\t\t\t\t\t\t<\/div>\n\t\t\t\t<\/div>\n\t\t\t\t<\/div>\n\t\t\t\t<\/div>\n\t\t\t\t<\/div>\n\t\t        <script>\n        jQuery( document ).ready( function( $ ) {\n            \/\/ Use .on('click', ...) as it is slightly more modern and flexible.\n            $( '.elementor-element-17019fa' ).css( 'cursor', 'pointer' ).on( 'click', function(e) {\n                \n                var url = '\/ce-belgesi.pdf';\n\n                                    \/\/ If 'is_external' is true, open the link in a new tab.\n                    window.open( url, '_blank' );\n                            });\n        });\n        <\/script>\n        <div class=\"elementor-element elementor-element-17019fa e-con-full e-flex e-con e-child\" data-id=\"17019fa\" data-element_type=\"container\" data-e-type=\"container\" data-settings=\"{&quot;background_background&quot;:&quot;classic&quot;}\">\n\t\t<div class=\"elementor-element elementor-element-07be280 e-con-full e-flex e-con e-child\" data-id=\"07be280\" data-element_type=\"container\" data-e-type=\"container\">\n\t\t<div class=\"elementor-element elementor-element-e051a9e e-con-full e-flex e-con e-child\" data-id=\"e051a9e\" data-element_type=\"container\" data-e-type=\"container\">\n\t\t\t\t<div class=\"elementor-element elementor-element-fb52e83 elementor-widget elementor-widget-heading\" data-id=\"fb52e83\" data-element_type=\"widget\" data-e-type=\"widget\" data-widget_type=\"heading.default\">\n\t\t\t\t<div class=\"elementor-widget-container\">\n\t\t\t\t\t<h2 class=\"elementor-heading-title elementor-size-default\">Certificado CE<\/h2>\t\t\t\t<\/div>\n\t\t\t\t<\/div>\n\t\t\t\t<\/div>\n\t\t<div class=\"elementor-element elementor-element-57a5049 e-con-full e-flex e-con e-child\" data-id=\"57a5049\" data-element_type=\"container\" data-e-type=\"container\">\n\t\t\t\t<div class=\"elementor-element elementor-element-30ab7b3 elementor-view-stacked elementor-shape-rounded elementor-widget elementor-widget-icon\" data-id=\"30ab7b3\" data-element_type=\"widget\" data-e-type=\"widget\" data-widget_type=\"icon.default\">\n\t\t\t\t<div class=\"elementor-widget-container\">\n\t\t\t\t\t\t\t<div class=\"elementor-icon-wrapper\">\n\t\t\t<a class=\"elementor-icon elementor-animation-shrink\" href=\"\/ce-belgesi.pdf\" target=\"_blank\">\n\t\t\t<i aria-hidden=\"true\" class=\"icon icon-download-button\"><\/i>\t\t\t<\/a>\n\t\t<\/div>\n\t\t\t\t\t\t<\/div>\n\t\t\t\t<\/div>\n\t\t\t\t<\/div>\n\t\t\t\t<\/div>\n\t\t\t\t<\/div>\n\t\t        <script>\n        jQuery( document ).ready( function( $ ) {\n            \/\/ Use .on('click', ...) as it is slightly more modern and flexible.\n            $( '.elementor-element-1ad3a0f' ).css( 'cursor', 'pointer' ).on( 'click', function(e) {\n                \n                var url = '\/iso-9000.pdf';\n\n                                    \/\/ If 'is_external' is true, open the link in a new tab.\n                    window.open( url, '_blank' );\n                            });\n        });\n        <\/script>\n        <div class=\"elementor-element elementor-element-1ad3a0f e-con-full e-flex e-con e-child\" data-id=\"1ad3a0f\" data-element_type=\"container\" data-e-type=\"container\" data-settings=\"{&quot;background_background&quot;:&quot;classic&quot;}\">\n\t\t<div class=\"elementor-element elementor-element-f0eee9b e-con-full e-flex e-con e-child\" data-id=\"f0eee9b\" data-element_type=\"container\" data-e-type=\"container\">\n\t\t<div class=\"elementor-element elementor-element-0fea71c e-con-full e-flex e-con e-child\" data-id=\"0fea71c\" data-element_type=\"container\" data-e-type=\"container\">\n\t\t\t\t<div class=\"elementor-element elementor-element-88fdbce elementor-widget elementor-widget-heading\" data-id=\"88fdbce\" data-element_type=\"widget\" data-e-type=\"widget\" data-widget_type=\"heading.default\">\n\t\t\t\t<div class=\"elementor-widget-container\">\n\t\t\t\t\t<h2 class=\"elementor-heading-title elementor-size-default\">ISO 9000<\/h2>\t\t\t\t<\/div>\n\t\t\t\t<\/div>\n\t\t\t\t<\/div>\n\t\t<div class=\"elementor-element elementor-element-e008ccc e-con-full e-flex e-con e-child\" data-id=\"e008ccc\" data-element_type=\"container\" data-e-type=\"container\">\n\t\t\t\t<div class=\"elementor-element elementor-element-51975c7 elementor-view-stacked elementor-shape-rounded elementor-widget elementor-widget-icon\" data-id=\"51975c7\" data-element_type=\"widget\" data-e-type=\"widget\" data-widget_type=\"icon.default\">\n\t\t\t\t<div class=\"elementor-widget-container\">\n\t\t\t\t\t\t\t<div class=\"elementor-icon-wrapper\">\n\t\t\t<a class=\"elementor-icon elementor-animation-shrink\" href=\"\/iso-9000.pdf\" target=\"_blank\">\n\t\t\t<i aria-hidden=\"true\" class=\"icon icon-download-button\"><\/i>\t\t\t<\/a>\n\t\t<\/div>\n\t\t\t\t\t\t<\/div>\n\t\t\t\t<\/div>\n\t\t\t\t<\/div>\n\t\t\t\t<\/div>\n\t\t\t\t<\/div>\n\t\t        <script>\n        jQuery( document ).ready( function( $ ) {\n            \/\/ Use .on('click', ...) as it is slightly more modern and flexible.\n            $( '.elementor-element-837d606' ).css( 'cursor', 'pointer' ).on( 'click', function(e) {\n                \n                var url = '\/mid-modul-sertifikasi.pdf';\n\n                                    \/\/ If 'is_external' is true, open the link in a new tab.\n                    window.open( url, '_blank' );\n                            });\n        });\n        <\/script>\n        <div class=\"elementor-element elementor-element-837d606 e-con-full e-flex e-con e-child\" data-id=\"837d606\" data-element_type=\"container\" data-e-type=\"container\" data-settings=\"{&quot;background_background&quot;:&quot;classic&quot;}\">\n\t\t<div class=\"elementor-element elementor-element-22d459e e-con-full e-flex e-con e-child\" data-id=\"22d459e\" data-element_type=\"container\" data-e-type=\"container\">\n\t\t<div class=\"elementor-element elementor-element-f477d0a e-con-full e-flex e-con e-child\" data-id=\"f477d0a\" data-element_type=\"container\" data-e-type=\"container\">\n\t\t\t\t<div class=\"elementor-element elementor-element-8279e4a elementor-widget elementor-widget-heading\" data-id=\"8279e4a\" data-element_type=\"widget\" data-e-type=\"widget\" data-widget_type=\"heading.default\">\n\t\t\t\t<div class=\"elementor-widget-container\">\n\t\t\t\t\t<h2 class=\"elementor-heading-title elementor-size-default\">Certificado del M\u00f3dulo MID<\/h2>\t\t\t\t<\/div>\n\t\t\t\t<\/div>\n\t\t\t\t<\/div>\n\t\t<div class=\"elementor-element elementor-element-a20185a e-con-full e-flex e-con e-child\" data-id=\"a20185a\" data-element_type=\"container\" data-e-type=\"container\">\n\t\t\t\t<div class=\"elementor-element elementor-element-538508e elementor-view-stacked elementor-shape-rounded elementor-widget elementor-widget-icon\" data-id=\"538508e\" data-element_type=\"widget\" data-e-type=\"widget\" data-widget_type=\"icon.default\">\n\t\t\t\t<div class=\"elementor-widget-container\">\n\t\t\t\t\t\t\t<div class=\"elementor-icon-wrapper\">\n\t\t\t<a class=\"elementor-icon elementor-animation-shrink\" href=\"\/mid-modul-sertifikasi.pdf\" target=\"_blank\">\n\t\t\t<i aria-hidden=\"true\" class=\"icon icon-download-button\"><\/i>\t\t\t<\/a>\n\t\t<\/div>\n\t\t\t\t\t\t<\/div>\n\t\t\t\t<\/div>\n\t\t\t\t<\/div>\n\t\t\t\t<\/div>\n\t\t\t\t<\/div>\n\t\t\t\t<\/div>\n\t\t\t\t<\/div>\n\t\t\t\t<\/div>\n\t\t\t\t\t<\/div>\n\t\t\t\t<\/div>\n\t\t\t\t<\/div>\n\t\t","protected":false},"excerpt":{"rendered":"<p>P\u00e1gina de Inicio Documentos Documentos Cat\u00e1logo de Productos Certificado de Registro de Marca Certificado CE ISO 9000 Certificado del M\u00f3dulo MID<\/p>\n","protected":false},"author":1,"featured_media":0,"parent":0,"menu_order":0,"comment_status":"closed","ping_status":"closed","template":"elementor_header_footer","meta":{"inline_featured_image":false,"footnotes":""},"class_list":["post-19187","page","type-page","status-publish"],"_links":{"self":[{"href":"https:\/\/erscheckweigher.com\/es\/wp-json\/wp\/v2\/pages\/19187","targetHints":{"allow":["GET"]}}],"collection":[{"href":"https:\/\/erscheckweigher.com\/es\/wp-json\/wp\/v2\/pages"}],"about":[{"href":"https:\/\/erscheckweigher.com\/es\/wp-json\/wp\/v2\/types\/page"}],"author":[{"embeddable":true,"href":"https:\/\/erscheckweigher.com\/es\/wp-json\/wp\/v2\/users\/1"}],"replies":[{"embeddable":true,"href":"https:\/\/erscheckweigher.com\/es\/wp-json\/wp\/v2\/comments?post=19187"}],"version-history":[{"count":0,"href":"https:\/\/erscheckweigher.com\/es\/wp-json\/wp\/v2\/pages\/19187\/revisions"}],"wp:attachment":[{"href":"https:\/\/erscheckweigher.com\/es\/wp-json\/wp\/v2\/media?parent=19187"}],"curies":[{"name":"wp","href":"https:\/\/api.w.org\/{rel}","templated":true}]}}